{"id":578,"date":"2023-02-09T13:19:54","date_gmt":"2023-02-09T13:19:54","guid":{"rendered":"https:\/\/taiji-phil.fr\/?page_id=578"},"modified":"2024-11-20T10:01:02","modified_gmt":"2024-11-20T10:01:02","slug":"relaxation-tibetaine","status":"publish","type":"page","link":"https:\/\/taiji-phil.fr\/index.php\/relaxation-tibetaine\/","title":{"rendered":"Relaxation tib\u00e9taine"},"content":{"rendered":"\t\t<div data-elementor-type=\"wp-page\" data-elementor-id=\"578\" class=\"elementor elementor-578\" data-elementor-post-type=\"page\">\n\t\t\t\t\t\t<section class=\"elementor-section elementor-top-section elementor-element elementor-element-bc86296 elementor-section-boxed elementor-section-height-default elementor-section-height-default\" data-id=\"bc86296\" data-element_type=\"section\" data-settings=\"{&quot;background_background&quot;:&quot;classic&quot;}\">\n\t\t\t\t\t\t<div class=\"elementor-container elementor-column-gap-default\">\n\t\t\t\t\t<div class=\"elementor-column elementor-col-100 elementor-top-column elementor-element elementor-element-cf06875\" data-id=\"cf06875\" data-element_type=\"column\">\n\t\t\t<div class=\"elementor-widget-wrap elementor-element-populated\">\n\t\t\t\t\t\t<div class=\"elementor-element elementor-element-caf6c17 elementor-widget elementor-widget-heading\" data-id=\"caf6c17\" data-element_type=\"widget\" data-widget_type=\"heading.default\">\n\t\t\t\t<div class=\"elementor-widget-container\">\n\t\t\t<div class=\"elementor-heading-title elementor-size-default\">\u00c0 saintes en <u>Charente-Maritime<\/u> !\n<\/div>\t\t<\/div>\n\t\t\t\t<\/div>\n\t\t\t\t<div class=\"elementor-element elementor-element-710c6ce elementor-widget elementor-widget-heading\" data-id=\"710c6ce\" data-element_type=\"widget\" data-widget_type=\"heading.default\">\n\t\t\t\t<div class=\"elementor-widget-container\">\n\t\t\t<h3 class=\"elementor-heading-title elementor-size-default\">Relaxation Tib\u00e9taine<\/h3>\t\t<\/div>\n\t\t\t\t<\/div>\n\t\t\t\t<div class=\"elementor-element elementor-element-e01f57c elementor-widget elementor-widget-heading\" data-id=\"e01f57c\" data-element_type=\"widget\" data-widget_type=\"heading.default\">\n\t\t\t\t<div class=\"elementor-widget-container\">\n\t\t\t<div class=\"elementor-heading-title elementor-size-default\">Dur\u00e9e : 1 heure - 60\u20ac<\/div>\t\t<\/div>\n\t\t\t\t<\/div>\n\t\t\t\t<div class=\"elementor-element elementor-element-5360ddd elementor-widget elementor-widget-text-editor\" data-id=\"5360ddd\" data-element_type=\"widget\" data-widget_type=\"text-editor.default\">\n\t\t\t\t<div class=\"elementor-widget-container\">\n\t\t\t\t\t\t\t<div class=\"elementor-element elementor-element-9215e2c elementor-widget elementor-widget-heading\" data-id=\"9215e2c\" data-element_type=\"widget\" data-widget_type=\"heading.default\">\n<div class=\"elementor-widget-container\">&nbsp;<\/div>\n<\/div>\n<div class=\"elementor-element elementor-element-8c2e1f6 elementor-widget elementor-widget-text-editor\" data-id=\"8c2e1f6\" data-element_type=\"widget\" data-widget_type=\"text-editor.default\">\n<div class=\"elementor-widget-container\">\n<p>Profitez des s\u00e9ances de relaxation tib\u00e9taines aux bols sonores avec Taiji Phil en Charente-Maritime<\/p>\n<p>Prestation non th\u00e9rapeutique bas\u00e9e sur les effets vibratoires que cr\u00e9ent chacun de bols utilis\u00e9s suivant leur&nbsp;fr\u00e9quence et l\u2019octave choisie pour sonner&nbsp;plus ou moins grave ou aig\u00fce.<\/p>\n<p>Chaque bol tib\u00e9tain est authentique, compos\u00e9 de 7 m\u00e9taux, de provenance direct du N\u00e9pal avec une correspondance en fr\u00e9quence&nbsp;avec chacun des&nbsp;chakras pour les stimuler par vibration ondulatoire des liquides contenus&nbsp;dans le corps.&nbsp;<\/p>\n<p>Le massage sonore que je&nbsp;propose est un massage de relaxation et d\u2019harmonisation des chakras par les bols tib\u00e9tains. Il&nbsp;suit un protocole&nbsp;pr\u00e9cis pour atteindre les&nbsp;7 centres \u00e9nerg\u00e9tiques&nbsp;nomm\u00e9s : Chakras,&nbsp;selon les bases de la M\u00e9decine&nbsp;Ayurv\u00e9dique. Il permet souvent de renforcer l\u2019ancrage, l\u2019alignement et l\u2019\u00e9quilibre.<\/p>\n<p>En le&nbsp;compl\u00e9tant par un contact corporel avec les&nbsp;bols en suivant le trac\u00e9 de certains m\u00e9ridiens,&nbsp;des&nbsp;actions compl\u00e9mentaires sont rajout\u00e9es&nbsp;pour un effet&nbsp;sur&nbsp;les&nbsp;organes selon les principes de la M\u00e9decine Traditionnelle Chinoise&nbsp;<\/p>\n<p>L\u2019association de ces 2 m\u00e9decines donne \u00e0 ce massage un effet d\u00e8s plus efficace en lib\u00e9rant des blocages \u00e9nerg\u00e9tiques et en stimulant les chakras.<\/p>\n<p>Il permet de sentir vibr\u00e9 son corps de l\u2019int\u00e9rieur, de&nbsp;voyager,&nbsp;de s\u2019\u00e9vader, de m\u00e9diter aux sons et aux&nbsp;harmoniques \u00e9mis par les bols&nbsp;tib\u00e9tains.<\/p>\n<p>Ses effets permettent un&nbsp;l\u00e2cher prise total, une lib\u00e9ration des \u00e9motions, une att\u00e9nuation des tensions nerveuses et une prise en compte de son enveloppe corporelle. Mais aussi une&nbsp;harmonisation&nbsp;entre le corps et l\u2019esprit, qui a pour&nbsp;effet de r\u00e9duire le stress,&nbsp;d\u2019am\u00e9liorer la circulation du QI dans tout le corps et&nbsp;d\u2019\u00e9liminer des toxines<\/p>\n<p>Massage sur table, habill\u00e9 ou en sous v\u00eatement sans huile&nbsp;<\/p>\n<p><strong>Dur\u00e9e de 1 heure &#8211; 60\u20ac<\/strong><\/p>\n<\/div>\n<\/div>\t\t\t\t\t\t<\/div>\n\t\t\t\t<\/div>\n\t\t\t\t<div class=\"elementor-element elementor-element-be4d150 elementor-widget elementor-widget-gallery\" data-id=\"be4d150\" data-element_type=\"widget\" data-settings=\"{&quot;aspect_ratio&quot;:&quot;4:3&quot;,&quot;columns&quot;:2,&quot;lazyload&quot;:&quot;yes&quot;,&quot;gallery_layout&quot;:&quot;grid&quot;,&quot;columns_tablet&quot;:2,&quot;columns_mobile&quot;:1,&quot;gap&quot;:{&quot;unit&quot;:&quot;px&quot;,&quot;size&quot;:10,&quot;sizes&quot;:[]},&quot;gap_tablet&quot;:{&quot;unit&quot;:&quot;px&quot;,&quot;size&quot;:10,&quot;sizes&quot;:[]},&quot;gap_mobile&quot;:{&quot;unit&quot;:&quot;px&quot;,&quot;size&quot;:10,&quot;sizes&quot;:[]},&quot;link_to&quot;:&quot;file&quot;,&quot;overlay_background&quot;:&quot;yes&quot;,&quot;content_hover_animation&quot;:&quot;fade-in&quot;}\" data-widget_type=\"gallery.default\">\n\t\t\t\t<div class=\"elementor-widget-container\">\n\t\t\t\t\t<div class=\"elementor-gallery__container\">\n\t\t\t\t\t\t\t<a class=\"e-gallery-item elementor-gallery-item elementor-animated-content\" href=\"https:\/\/taiji-phil.fr\/wp-content\/uploads\/2024\/11\/WhatsApp-Image-2024-11-19-at-16.28.16-3.jpeg\" data-elementor-open-lightbox=\"yes\" data-elementor-lightbox-slideshow=\"be4d150\" data-e-action-hash=\"#elementor-action%3Aaction%3Dlightbox%26settings%3DeyJpZCI6ODMwLCJ1cmwiOiJodHRwczpcL1wvdGFpamktcGhpbC5mclwvd3AtY29udGVudFwvdXBsb2Fkc1wvMjAyNFwvMTFcL1doYXRzQXBwLUltYWdlLTIwMjQtMTEtMTktYXQtMTYuMjguMTYtMy5qcGVnIiwic2xpZGVzaG93IjoiYmU0ZDE1MCJ9\">\n\t\t\t\t\t<div class=\"e-gallery-image elementor-gallery-item__image\" data-thumbnail=\"https:\/\/taiji-phil.fr\/wp-content\/uploads\/2024\/11\/WhatsApp-Image-2024-11-19-at-16.28.16-3.jpeg\" data-width=\"1600\" data-height=\"1200\" aria-label=\"\" role=\"img\" ><\/div>\n\t\t\t\t\t\t\t\t\t\t\t<div class=\"elementor-gallery-item__overlay\"><\/div>\n\t\t\t\t\t\t\t\t\t\t\t\t\t\t<\/a>\n\t\t\t\t\t\t\t<a class=\"e-gallery-item elementor-gallery-item elementor-animated-content\" href=\"https:\/\/taiji-phil.fr\/wp-content\/uploads\/2024\/11\/WhatsApp-Image-2024-11-19-at-16.28.16-2.jpeg\" data-elementor-open-lightbox=\"yes\" data-elementor-lightbox-slideshow=\"be4d150\" data-e-action-hash=\"#elementor-action%3Aaction%3Dlightbox%26settings%3DeyJpZCI6ODMxLCJ1cmwiOiJodHRwczpcL1wvdGFpamktcGhpbC5mclwvd3AtY29udGVudFwvdXBsb2Fkc1wvMjAyNFwvMTFcL1doYXRzQXBwLUltYWdlLTIwMjQtMTEtMTktYXQtMTYuMjguMTYtMi5qcGVnIiwic2xpZGVzaG93IjoiYmU0ZDE1MCJ9\">\n\t\t\t\t\t<div class=\"e-gallery-image elementor-gallery-item__image\" data-thumbnail=\"https:\/\/taiji-phil.fr\/wp-content\/uploads\/2024\/11\/WhatsApp-Image-2024-11-19-at-16.28.16-2.jpeg\" data-width=\"1200\" data-height=\"1600\" aria-label=\"\" role=\"img\" ><\/div>\n\t\t\t\t\t\t\t\t\t\t\t<div class=\"elementor-gallery-item__overlay\"><\/div>\n\t\t\t\t\t\t\t\t\t\t\t\t\t\t<\/a>\n\t\t\t\t\t<\/div>\n\t\t\t<\/div>\n\t\t\t\t<\/div>\n\t\t\t\t\t<\/div>\n\t\t<\/div>\n\t\t\t\t\t<\/div>\n\t\t<\/section>\n\t\t\t\t<\/div>\n\t\t","protected":false},"excerpt":{"rendered":"<p>\u00c0 saintes en Charente-Maritime ! Relaxation Tib\u00e9taine Dur\u00e9e : 1 heure &#8211; 60\u20ac &nbsp; Profitez des s\u00e9ances de relaxation tib\u00e9taines aux bols sonores avec Taiji Phil en Charente-Maritime Prestation non th\u00e9rapeutique bas\u00e9e sur les effets vibratoires que cr\u00e9ent chacun de bols utilis\u00e9s suivant leur&nbsp;fr\u00e9quence et l\u2019octave choisie pour sonner&nbsp;plus ou moins grave ou aig\u00fce. Chaque [&hellip;]<\/p>\n","protected":false},"author":1,"featured_media":0,"parent":0,"menu_order":0,"comment_status":"closed","ping_status":"closed","template":"elementor_header_footer","meta":{"footnotes":""},"class_list":["post-578","page","type-page","status-publish","hentry"],"jetpack_sharing_enabled":true,"_links":{"self":[{"href":"https:\/\/taiji-phil.fr\/index.php\/wp-json\/wp\/v2\/pages\/578","targetHints":{"allow":["GET"]}}],"collection":[{"href":"https:\/\/taiji-phil.fr\/index.php\/wp-json\/wp\/v2\/pages"}],"about":[{"href":"https:\/\/taiji-phil.fr\/index.php\/wp-json\/wp\/v2\/types\/page"}],"author":[{"embeddable":true,"href":"https:\/\/taiji-phil.fr\/index.php\/wp-json\/wp\/v2\/users\/1"}],"replies":[{"embeddable":true,"href":"https:\/\/taiji-phil.fr\/index.php\/wp-json\/wp\/v2\/comments?post=578"}],"version-history":[{"count":16,"href":"https:\/\/taiji-phil.fr\/index.php\/wp-json\/wp\/v2\/pages\/578\/revisions"}],"predecessor-version":[{"id":839,"href":"https:\/\/taiji-phil.fr\/index.php\/wp-json\/wp\/v2\/pages\/578\/revisions\/839"}],"wp:attachment":[{"href":"https:\/\/taiji-phil.fr\/index.php\/wp-json\/wp\/v2\/media?parent=578"}],"curies":[{"name":"wp","href":"https:\/\/api.w.org\/{rel}","templated":true}]}}